{"id":1204,"date":"2023-05-23T11:13:48","date_gmt":"2023-05-23T09:13:48","guid":{"rendered":"https:\/\/app.postojnsko.si\/?page_id=1204"},"modified":"2023-08-10T13:02:40","modified_gmt":"2023-08-10T11:02:40","slug":"railway-station","status":"publish","type":"page","link":"https:\/\/app.postojnsko.si\/en\/railway-station\/","title":{"rendered":"Railway station"},"content":{"rendered":"\n<p>The Postojna Railway Station is about 1 kilometre away from the center of the town. You can arrive to Postojna by train from Ljubljana (and Austria), Ilirska Bistrica (and Croatia), Diva\u010da, Koper, and Se\u017eana (and Italy). Bicycles from the POSbike system are available at the train station; furthermore, you can also reach the town centre, the Postojna Cave or the Predjama Castle by bus which is equipped with bike racks.<\/p>\n<p>&nbsp;<\/p>\n<p>Contact<br>Postojna Railway Station<br>Kolodvorska cesta 25, SI-6230 Postojna<br>Phone: 080 81 11<\/p>\n<p>TRAIN TIMATABLE<\/p>\n<pre id=\"tw-target-text\" class=\"tw-data-text tw-text-large tw-ta\" dir=\"ltr\" data-placeholder=\"Prevod\">&nbsp;<\/pre>\n","protected":false},"excerpt":{"rendered":"<p>The Postojna Railway Station is about 1 kilometre away from the center of the town. You can arrive to Postojna by train from Ljubljana (and Austria), Ilirska Bistrica (and Croatia), Diva\u010da, Koper, and Se\u017eana (and Italy). Bicycles from the POSbike system are available at the train station; furthermore, you can also reach the town centre,&#8230;<\/p>\n","protected":false},"author":3,"featured_media":81,"parent":0,"menu_order":0,"comment_status":"closed","ping_status":"closed","template":"page-templates\/zemljevid.php","meta":{"footnotes":""},"class_list":{"0":"post-1204","1":"type-page","3":"status-publish","4":"has-post-thumbnail","5":"hentry","6":"article-odd"},"yoast_head":"<!-- This site is optimized with the Yoast SEO plugin v27.1.1 - https:\/\/yoast.com\/product\/yoast-seo-wordpress\/ -->\n<title>Railway station - Postojna Connect<\/title>\n<meta name=\"robots\" content=\"index, follow, max-snippet:-1, max-image-preview:large, max-video-preview:-1\" \/>\n<link rel=\"canonical\" href=\"https:\/\/app.postojnsko.si\/en\/railway-station\/\" \/>\n<meta property=\"og:locale\" content=\"en_US\" \/>\n<meta property=\"og:type\" content=\"article\" \/>\n<meta property=\"og:title\" content=\"Railway station - Postojna Connect\" \/>\n<meta property=\"og:description\" content=\"The Postojna Railway Station is about 1 kilometre away from the center of the town. You can arrive to Postojna by train from Ljubljana (and Austria), Ilirska Bistrica (and Croatia), Diva\u010da, Koper, and Se\u017eana (and Italy). Bicycles from the POSbike system are available at the train station; furthermore, you can also reach the town centre,...\" \/>\n<meta property=\"og:url\" content=\"https:\/\/app.postojnsko.si\/en\/railway-station\/\" \/>\n<meta property=\"og:site_name\" content=\"Postojna Connect\" \/>\n<meta property=\"article:modified_time\" content=\"2023-08-10T11:02:40+00:00\" \/>\n<meta property=\"og:image\" content=\"https:\/\/app.postojnsko.si\/wp-content\/uploads\/2023\/03\/rectangle-308.jpg\" \/>\n\t<meta property=\"og:image:width\" content=\"948\" \/>\n\t<meta property=\"og:image:height\" content=\"631\" \/>\n\t<meta property=\"og:image:type\" content=\"image\/jpeg\" \/>\n<meta name=\"twitter:card\" content=\"summary_large_image\" \/>\n<script type=\"application\/ld+json\" class=\"yoast-schema-graph\">{\"@context\":\"https:\/\/schema.org\",\"@graph\":[{\"@type\":\"WebPage\",\"@id\":\"https:\/\/app.postojnsko.si\/en\/railway-station\/\",\"url\":\"https:\/\/app.postojnsko.si\/en\/railway-station\/\",\"name\":\"Railway station - Postojna Connect\",\"isPartOf\":{\"@id\":\"https:\/\/app.postojnsko.si\/en\/#website\"},\"primaryImageOfPage\":{\"@id\":\"https:\/\/app.postojnsko.si\/en\/railway-station\/#primaryimage\"},\"image\":{\"@id\":\"https:\/\/app.postojnsko.si\/en\/railway-station\/#primaryimage\"},\"thumbnailUrl\":\"https:\/\/app.postojnsko.si\/wp-content\/uploads\/2023\/03\/rectangle-308.jpg\",\"datePublished\":\"2023-05-23T09:13:48+00:00\",\"dateModified\":\"2023-08-10T11:02:40+00:00\",\"breadcrumb\":{\"@id\":\"https:\/\/app.postojnsko.si\/en\/railway-station\/#breadcrumb\"},\"inLanguage\":\"en-US\",\"potentialAction\":[{\"@type\":\"ReadAction\",\"target\":[\"https:\/\/app.postojnsko.si\/en\/railway-station\/\"]}]},{\"@type\":\"ImageObject\",\"inLanguage\":\"en-US\",\"@id\":\"https:\/\/app.postojnsko.si\/en\/railway-station\/#primaryimage\",\"url\":\"https:\/\/app.postojnsko.si\/wp-content\/uploads\/2023\/03\/rectangle-308.jpg\",\"contentUrl\":\"https:\/\/app.postojnsko.si\/wp-content\/uploads\/2023\/03\/rectangle-308.jpg\",\"width\":948,\"height\":631},{\"@type\":\"BreadcrumbList\",\"@id\":\"https:\/\/app.postojnsko.si\/en\/railway-station\/#breadcrumb\",\"itemListElement\":[{\"@type\":\"ListItem\",\"position\":1,\"name\":\"Home\",\"item\":\"https:\/\/app.postojnsko.si\/en\/\"},{\"@type\":\"ListItem\",\"position\":2,\"name\":\"Railway station\"}]},{\"@type\":\"WebSite\",\"@id\":\"https:\/\/app.postojnsko.si\/en\/#website\",\"url\":\"https:\/\/app.postojnsko.si\/en\/\",\"name\":\"Postojna Connect\",\"description\":\"Postojna Connect je spletna aplikacija s katero \u017eelimo obiskovalcem na\u0161e destinacije predstaviti mo\u017enost trajnostne mobilnosti.\",\"publisher\":{\"@id\":\"https:\/\/app.postojnsko.si\/en\/#organization\"},\"potentialAction\":[{\"@type\":\"SearchAction\",\"target\":{\"@type\":\"EntryPoint\",\"urlTemplate\":\"https:\/\/app.postojnsko.si\/en\/?s={search_term_string}\"},\"query-input\":{\"@type\":\"PropertyValueSpecification\",\"valueRequired\":true,\"valueName\":\"search_term_string\"}}],\"inLanguage\":\"en-US\"},{\"@type\":\"Organization\",\"@id\":\"https:\/\/app.postojnsko.si\/en\/#organization\",\"name\":\"Visit Postojna\",\"url\":\"https:\/\/app.postojnsko.si\/en\/\",\"logo\":{\"@type\":\"ImageObject\",\"inLanguage\":\"en-US\",\"@id\":\"https:\/\/app.postojnsko.si\/en\/#\/schema\/logo\/image\/\",\"url\":\"https:\/\/app.postojnsko.si\/wp-content\/uploads\/2023\/09\/favicon.png\",\"contentUrl\":\"https:\/\/app.postojnsko.si\/wp-content\/uploads\/2023\/09\/favicon.png\",\"width\":512,\"height\":512,\"caption\":\"Visit Postojna\"},\"image\":{\"@id\":\"https:\/\/app.postojnsko.si\/en\/#\/schema\/logo\/image\/\"}}]}<\/script>\n<!-- \/ Yoast SEO plugin. -->","yoast_head_json":{"title":"Railway station - Postojna Connect","robots":{"index":"index","follow":"follow","max-snippet":"max-snippet:-1","max-image-preview":"max-image-preview:large","max-video-preview":"max-video-preview:-1"},"canonical":"https:\/\/app.postojnsko.si\/en\/railway-station\/","og_locale":"en_US","og_type":"article","og_title":"Railway station - Postojna Connect","og_description":"The Postojna Railway Station is about 1 kilometre away from the center of the town. You can arrive to Postojna by train from Ljubljana (and Austria), Ilirska Bistrica (and Croatia), Diva\u010da, Koper, and Se\u017eana (and Italy). Bicycles from the POSbike system are available at the train station; furthermore, you can also reach the town centre,...","og_url":"https:\/\/app.postojnsko.si\/en\/railway-station\/","og_site_name":"Postojna Connect","article_modified_time":"2023-08-10T11:02:40+00:00","og_image":[{"width":948,"height":631,"url":"https:\/\/app.postojnsko.si\/wp-content\/uploads\/2023\/03\/rectangle-308.jpg","type":"image\/jpeg"}],"twitter_card":"summary_large_image","schema":{"@context":"https:\/\/schema.org","@graph":[{"@type":"WebPage","@id":"https:\/\/app.postojnsko.si\/en\/railway-station\/","url":"https:\/\/app.postojnsko.si\/en\/railway-station\/","name":"Railway station - Postojna Connect","isPartOf":{"@id":"https:\/\/app.postojnsko.si\/en\/#website"},"primaryImageOfPage":{"@id":"https:\/\/app.postojnsko.si\/en\/railway-station\/#primaryimage"},"image":{"@id":"https:\/\/app.postojnsko.si\/en\/railway-station\/#primaryimage"},"thumbnailUrl":"https:\/\/app.postojnsko.si\/wp-content\/uploads\/2023\/03\/rectangle-308.jpg","datePublished":"2023-05-23T09:13:48+00:00","dateModified":"2023-08-10T11:02:40+00:00","breadcrumb":{"@id":"https:\/\/app.postojnsko.si\/en\/railway-station\/#breadcrumb"},"inLanguage":"en-US","potentialAction":[{"@type":"ReadAction","target":["https:\/\/app.postojnsko.si\/en\/railway-station\/"]}]},{"@type":"ImageObject","inLanguage":"en-US","@id":"https:\/\/app.postojnsko.si\/en\/railway-station\/#primaryimage","url":"https:\/\/app.postojnsko.si\/wp-content\/uploads\/2023\/03\/rectangle-308.jpg","contentUrl":"https:\/\/app.postojnsko.si\/wp-content\/uploads\/2023\/03\/rectangle-308.jpg","width":948,"height":631},{"@type":"BreadcrumbList","@id":"https:\/\/app.postojnsko.si\/en\/railway-station\/#breadcrumb","itemListElement":[{"@type":"ListItem","position":1,"name":"Home","item":"https:\/\/app.postojnsko.si\/en\/"},{"@type":"ListItem","position":2,"name":"Railway station"}]},{"@type":"WebSite","@id":"https:\/\/app.postojnsko.si\/en\/#website","url":"https:\/\/app.postojnsko.si\/en\/","name":"Postojna Connect","description":"Postojna Connect je spletna aplikacija s katero \u017eelimo obiskovalcem na\u0161e destinacije predstaviti mo\u017enost trajnostne mobilnosti.","publisher":{"@id":"https:\/\/app.postojnsko.si\/en\/#organization"},"potentialAction":[{"@type":"SearchAction","target":{"@type":"EntryPoint","urlTemplate":"https:\/\/app.postojnsko.si\/en\/?s={search_term_string}"},"query-input":{"@type":"PropertyValueSpecification","valueRequired":true,"valueName":"search_term_string"}}],"inLanguage":"en-US"},{"@type":"Organization","@id":"https:\/\/app.postojnsko.si\/en\/#organization","name":"Visit Postojna","url":"https:\/\/app.postojnsko.si\/en\/","logo":{"@type":"ImageObject","inLanguage":"en-US","@id":"https:\/\/app.postojnsko.si\/en\/#\/schema\/logo\/image\/","url":"https:\/\/app.postojnsko.si\/wp-content\/uploads\/2023\/09\/favicon.png","contentUrl":"https:\/\/app.postojnsko.si\/wp-content\/uploads\/2023\/09\/favicon.png","width":512,"height":512,"caption":"Visit Postojna"},"image":{"@id":"https:\/\/app.postojnsko.si\/en\/#\/schema\/logo\/image\/"}}]}},"_links":{"self":[{"href":"https:\/\/app.postojnsko.si\/en\/wp-json\/wp\/v2\/pages\/1204","targetHints":{"allow":["GET"]}}],"collection":[{"href":"https:\/\/app.postojnsko.si\/en\/wp-json\/wp\/v2\/pages"}],"about":[{"href":"https:\/\/app.postojnsko.si\/en\/wp-json\/wp\/v2\/types\/page"}],"author":[{"embeddable":true,"href":"https:\/\/app.postojnsko.si\/en\/wp-json\/wp\/v2\/users\/3"}],"replies":[{"embeddable":true,"href":"https:\/\/app.postojnsko.si\/en\/wp-json\/wp\/v2\/comments?post=1204"}],"version-history":[{"count":4,"href":"https:\/\/app.postojnsko.si\/en\/wp-json\/wp\/v2\/pages\/1204\/revisions"}],"predecessor-version":[{"id":1212,"href":"https:\/\/app.postojnsko.si\/en\/wp-json\/wp\/v2\/pages\/1204\/revisions\/1212"}],"wp:featuredmedia":[{"embeddable":true,"href":"https:\/\/app.postojnsko.si\/en\/wp-json\/wp\/v2\/media\/81"}],"wp:attachment":[{"href":"https:\/\/app.postojnsko.si\/en\/wp-json\/wp\/v2\/media?parent=1204"}],"curies":[{"name":"wp","href":"https:\/\/api.w.org\/{rel}","templated":true}]}}