{"id":1179,"date":"2023-03-27T07:35:11","date_gmt":"2023-03-27T05:35:11","guid":{"rendered":"https:\/\/app.postojnsko.si\/?page_id=1179"},"modified":"2024-01-24T11:31:20","modified_gmt":"2024-01-24T10:31:20","slug":"public-transport","status":"publish","type":"page","link":"https:\/\/app.postojnsko.si\/en\/public-transport\/","title":{"rendered":"Public transport"},"content":{"rendered":"\r\n<p>Postojna is connected to other cities by regular train and bus lines, and you can ride around Postojna with the free Furman city bus or Posbike city bikes. In the summer season, there is also a shuttle bus on the busiest route between Postojna and Predjama.<\/p>\r\n","protected":false},"excerpt":{"rendered":"<p>Postojna is connected to other cities by regular train and bus lines, and you can ride around Postojna with the free Furman city bus or Posbike city bikes. In the summer season, there is also a shuttle bus on the busiest route between Postojna and Predjama.<\/p>\n","protected":false},"author":3,"featured_media":75,"parent":0,"menu_order":0,"comment_status":"closed","ping_status":"closed","template":"page-templates\/glavna-kategorija.php","meta":{"footnotes":""},"class_list":{"0":"post-1179","1":"type-page","3":"status-publish","4":"has-post-thumbnail","5":"hentry","6":"article-odd"},"yoast_head":"<!-- This site is optimized with the Yoast SEO plugin v27.1.1 - https:\/\/yoast.com\/product\/yoast-seo-wordpress\/ -->\n<title>Public transport - Postojna Connect<\/title>\n<meta name=\"robots\" content=\"index, follow, max-snippet:-1, max-image-preview:large, max-video-preview:-1\" \/>\n<link rel=\"canonical\" href=\"https:\/\/app.postojnsko.si\/en\/public-transport\/\" \/>\n<meta property=\"og:locale\" content=\"en_US\" \/>\n<meta property=\"og:type\" content=\"article\" \/>\n<meta property=\"og:title\" content=\"Public transport - Postojna Connect\" \/>\n<meta property=\"og:description\" content=\"Postojna is connected to other cities by regular train and bus lines, and you can ride around Postojna with the free Furman city bus or Posbike city bikes. In the summer season, there is also a shuttle bus on the busiest route between Postojna and Predjama.\" \/>\n<meta property=\"og:url\" content=\"https:\/\/app.postojnsko.si\/en\/public-transport\/\" \/>\n<meta property=\"og:site_name\" content=\"Postojna Connect\" \/>\n<meta property=\"article:modified_time\" content=\"2024-01-24T10:31:20+00:00\" \/>\n<meta property=\"og:image\" content=\"https:\/\/app.postojnsko.si\/wp-content\/uploads\/2023\/03\/rectangle-121.jpg\" \/>\n\t<meta property=\"og:image:width\" content=\"985\" \/>\n\t<meta property=\"og:image:height\" content=\"498\" \/>\n\t<meta property=\"og:image:type\" content=\"image\/jpeg\" \/>\n<meta name=\"twitter:card\" content=\"summary_large_image\" \/>\n<meta name=\"twitter:label1\" content=\"Est. reading time\" \/>\n\t<meta name=\"twitter:data1\" content=\"1 minute\" \/>\n<script type=\"application\/ld+json\" class=\"yoast-schema-graph\">{\"@context\":\"https:\/\/schema.org\",\"@graph\":[{\"@type\":\"WebPage\",\"@id\":\"https:\/\/app.postojnsko.si\/en\/public-transport\/\",\"url\":\"https:\/\/app.postojnsko.si\/en\/public-transport\/\",\"name\":\"Public transport - Postojna Connect\",\"isPartOf\":{\"@id\":\"https:\/\/app.postojnsko.si\/en\/#website\"},\"primaryImageOfPage\":{\"@id\":\"https:\/\/app.postojnsko.si\/en\/public-transport\/#primaryimage\"},\"image\":{\"@id\":\"https:\/\/app.postojnsko.si\/en\/public-transport\/#primaryimage\"},\"thumbnailUrl\":\"https:\/\/app.postojnsko.si\/wp-content\/uploads\/2023\/03\/rectangle-121.jpg\",\"datePublished\":\"2023-03-27T05:35:11+00:00\",\"dateModified\":\"2024-01-24T10:31:20+00:00\",\"breadcrumb\":{\"@id\":\"https:\/\/app.postojnsko.si\/en\/public-transport\/#breadcrumb\"},\"inLanguage\":\"en-US\",\"potentialAction\":[{\"@type\":\"ReadAction\",\"target\":[\"https:\/\/app.postojnsko.si\/en\/public-transport\/\"]}]},{\"@type\":\"ImageObject\",\"inLanguage\":\"en-US\",\"@id\":\"https:\/\/app.postojnsko.si\/en\/public-transport\/#primaryimage\",\"url\":\"https:\/\/app.postojnsko.si\/wp-content\/uploads\/2023\/03\/rectangle-121.jpg\",\"contentUrl\":\"https:\/\/app.postojnsko.si\/wp-content\/uploads\/2023\/03\/rectangle-121.jpg\",\"width\":985,\"height\":498},{\"@type\":\"BreadcrumbList\",\"@id\":\"https:\/\/app.postojnsko.si\/en\/public-transport\/#breadcrumb\",\"itemListElement\":[{\"@type\":\"ListItem\",\"position\":1,\"name\":\"Home\",\"item\":\"https:\/\/app.postojnsko.si\/en\/\"},{\"@type\":\"ListItem\",\"position\":2,\"name\":\"Public transport\"}]},{\"@type\":\"WebSite\",\"@id\":\"https:\/\/app.postojnsko.si\/en\/#website\",\"url\":\"https:\/\/app.postojnsko.si\/en\/\",\"name\":\"Postojna Connect\",\"description\":\"Postojna Connect je spletna aplikacija s katero \u017eelimo obiskovalcem na\u0161e destinacije predstaviti mo\u017enost trajnostne mobilnosti.\",\"publisher\":{\"@id\":\"https:\/\/app.postojnsko.si\/en\/#organization\"},\"potentialAction\":[{\"@type\":\"SearchAction\",\"target\":{\"@type\":\"EntryPoint\",\"urlTemplate\":\"https:\/\/app.postojnsko.si\/en\/?s={search_term_string}\"},\"query-input\":{\"@type\":\"PropertyValueSpecification\",\"valueRequired\":true,\"valueName\":\"search_term_string\"}}],\"inLanguage\":\"en-US\"},{\"@type\":\"Organization\",\"@id\":\"https:\/\/app.postojnsko.si\/en\/#organization\",\"name\":\"Visit Postojna\",\"url\":\"https:\/\/app.postojnsko.si\/en\/\",\"logo\":{\"@type\":\"ImageObject\",\"inLanguage\":\"en-US\",\"@id\":\"https:\/\/app.postojnsko.si\/en\/#\/schema\/logo\/image\/\",\"url\":\"https:\/\/app.postojnsko.si\/wp-content\/uploads\/2023\/09\/favicon.png\",\"contentUrl\":\"https:\/\/app.postojnsko.si\/wp-content\/uploads\/2023\/09\/favicon.png\",\"width\":512,\"height\":512,\"caption\":\"Visit Postojna\"},\"image\":{\"@id\":\"https:\/\/app.postojnsko.si\/en\/#\/schema\/logo\/image\/\"}}]}<\/script>\n<!-- \/ Yoast SEO plugin. -->","yoast_head_json":{"title":"Public transport - Postojna Connect","robots":{"index":"index","follow":"follow","max-snippet":"max-snippet:-1","max-image-preview":"max-image-preview:large","max-video-preview":"max-video-preview:-1"},"canonical":"https:\/\/app.postojnsko.si\/en\/public-transport\/","og_locale":"en_US","og_type":"article","og_title":"Public transport - Postojna Connect","og_description":"Postojna is connected to other cities by regular train and bus lines, and you can ride around Postojna with the free Furman city bus or Posbike city bikes. In the summer season, there is also a shuttle bus on the busiest route between Postojna and Predjama.","og_url":"https:\/\/app.postojnsko.si\/en\/public-transport\/","og_site_name":"Postojna Connect","article_modified_time":"2024-01-24T10:31:20+00:00","og_image":[{"width":985,"height":498,"url":"https:\/\/app.postojnsko.si\/wp-content\/uploads\/2023\/03\/rectangle-121.jpg","type":"image\/jpeg"}],"twitter_card":"summary_large_image","twitter_misc":{"Est. reading time":"1 minute"},"schema":{"@context":"https:\/\/schema.org","@graph":[{"@type":"WebPage","@id":"https:\/\/app.postojnsko.si\/en\/public-transport\/","url":"https:\/\/app.postojnsko.si\/en\/public-transport\/","name":"Public transport - Postojna Connect","isPartOf":{"@id":"https:\/\/app.postojnsko.si\/en\/#website"},"primaryImageOfPage":{"@id":"https:\/\/app.postojnsko.si\/en\/public-transport\/#primaryimage"},"image":{"@id":"https:\/\/app.postojnsko.si\/en\/public-transport\/#primaryimage"},"thumbnailUrl":"https:\/\/app.postojnsko.si\/wp-content\/uploads\/2023\/03\/rectangle-121.jpg","datePublished":"2023-03-27T05:35:11+00:00","dateModified":"2024-01-24T10:31:20+00:00","breadcrumb":{"@id":"https:\/\/app.postojnsko.si\/en\/public-transport\/#breadcrumb"},"inLanguage":"en-US","potentialAction":[{"@type":"ReadAction","target":["https:\/\/app.postojnsko.si\/en\/public-transport\/"]}]},{"@type":"ImageObject","inLanguage":"en-US","@id":"https:\/\/app.postojnsko.si\/en\/public-transport\/#primaryimage","url":"https:\/\/app.postojnsko.si\/wp-content\/uploads\/2023\/03\/rectangle-121.jpg","contentUrl":"https:\/\/app.postojnsko.si\/wp-content\/uploads\/2023\/03\/rectangle-121.jpg","width":985,"height":498},{"@type":"BreadcrumbList","@id":"https:\/\/app.postojnsko.si\/en\/public-transport\/#breadcrumb","itemListElement":[{"@type":"ListItem","position":1,"name":"Home","item":"https:\/\/app.postojnsko.si\/en\/"},{"@type":"ListItem","position":2,"name":"Public transport"}]},{"@type":"WebSite","@id":"https:\/\/app.postojnsko.si\/en\/#website","url":"https:\/\/app.postojnsko.si\/en\/","name":"Postojna Connect","description":"Postojna Connect je spletna aplikacija s katero \u017eelimo obiskovalcem na\u0161e destinacije predstaviti mo\u017enost trajnostne mobilnosti.","publisher":{"@id":"https:\/\/app.postojnsko.si\/en\/#organization"},"potentialAction":[{"@type":"SearchAction","target":{"@type":"EntryPoint","urlTemplate":"https:\/\/app.postojnsko.si\/en\/?s={search_term_string}"},"query-input":{"@type":"PropertyValueSpecification","valueRequired":true,"valueName":"search_term_string"}}],"inLanguage":"en-US"},{"@type":"Organization","@id":"https:\/\/app.postojnsko.si\/en\/#organization","name":"Visit Postojna","url":"https:\/\/app.postojnsko.si\/en\/","logo":{"@type":"ImageObject","inLanguage":"en-US","@id":"https:\/\/app.postojnsko.si\/en\/#\/schema\/logo\/image\/","url":"https:\/\/app.postojnsko.si\/wp-content\/uploads\/2023\/09\/favicon.png","contentUrl":"https:\/\/app.postojnsko.si\/wp-content\/uploads\/2023\/09\/favicon.png","width":512,"height":512,"caption":"Visit Postojna"},"image":{"@id":"https:\/\/app.postojnsko.si\/en\/#\/schema\/logo\/image\/"}}]}},"_links":{"self":[{"href":"https:\/\/app.postojnsko.si\/en\/wp-json\/wp\/v2\/pages\/1179","targetHints":{"allow":["GET"]}}],"collection":[{"href":"https:\/\/app.postojnsko.si\/en\/wp-json\/wp\/v2\/pages"}],"about":[{"href":"https:\/\/app.postojnsko.si\/en\/wp-json\/wp\/v2\/types\/page"}],"author":[{"embeddable":true,"href":"https:\/\/app.postojnsko.si\/en\/wp-json\/wp\/v2\/users\/3"}],"replies":[{"embeddable":true,"href":"https:\/\/app.postojnsko.si\/en\/wp-json\/wp\/v2\/comments?post=1179"}],"version-history":[{"count":1,"href":"https:\/\/app.postojnsko.si\/en\/wp-json\/wp\/v2\/pages\/1179\/revisions"}],"predecessor-version":[{"id":1182,"href":"https:\/\/app.postojnsko.si\/en\/wp-json\/wp\/v2\/pages\/1179\/revisions\/1182"}],"wp:featuredmedia":[{"embeddable":true,"href":"https:\/\/app.postojnsko.si\/en\/wp-json\/wp\/v2\/media\/75"}],"wp:attachment":[{"href":"https:\/\/app.postojnsko.si\/en\/wp-json\/wp\/v2\/media?parent=1179"}],"curies":[{"name":"wp","href":"https:\/\/api.w.org\/{rel}","templated":true}]}}