{"id":1175,"date":"2023-05-16T15:02:02","date_gmt":"2023-05-16T13:02:02","guid":{"rendered":"https:\/\/app.postojnsko.si\/?page_id=1175"},"modified":"2023-09-05T08:36:21","modified_gmt":"2023-09-05T06:36:21","slug":"information-center","status":"publish","type":"page","link":"https:\/\/app.postojnsko.si\/en\/information-center\/","title":{"rendered":"Information center"},"content":{"rendered":"\r\n<p>In Postojna, the Tourist Information Center Galerija, located on Tr\u017ea\u0161ka cesta, can help you organize excursions. You can also contact the Center for Sustainable Mobility, where they offer support especially with regard to coordination, cycling, walking and the use of public passenger transport.<\/p>\r\n","protected":false},"excerpt":{"rendered":"<p>In Postojna, the Tourist Information Center Galerija, located on Tr\u017ea\u0161ka cesta, can help you organize excursions. You can also contact the Center for Sustainable Mobility, where they offer support especially with regard to coordination, cycling, walking and the use of public passenger transport.<\/p>\n","protected":false},"author":3,"featured_media":0,"parent":0,"menu_order":0,"comment_status":"closed","ping_status":"closed","template":"page-templates\/zemljevid.php","meta":{"footnotes":""},"class_list":{"0":"post-1175","1":"type-page","3":"status-publish","4":"hentry","5":"article-odd"},"yoast_head":"<!-- This site is optimized with the Yoast SEO plugin v27.1.1 - https:\/\/yoast.com\/product\/yoast-seo-wordpress\/ -->\n<title>Information center - Postojna Connect<\/title>\n<meta name=\"robots\" content=\"index, follow, max-snippet:-1, max-image-preview:large, max-video-preview:-1\" \/>\n<link rel=\"canonical\" href=\"https:\/\/app.postojnsko.si\/en\/information-center\/\" \/>\n<meta property=\"og:locale\" content=\"en_US\" \/>\n<meta property=\"og:type\" content=\"article\" \/>\n<meta property=\"og:title\" content=\"Information center - Postojna Connect\" \/>\n<meta property=\"og:description\" content=\"In Postojna, the Tourist Information Center Galerija, located on Tr\u017ea\u0161ka cesta, can help you organize excursions. You can also contact the Center for Sustainable Mobility, where they offer support especially with regard to coordination, cycling, walking and the use of public passenger transport.\" \/>\n<meta property=\"og:url\" content=\"https:\/\/app.postojnsko.si\/en\/information-center\/\" \/>\n<meta property=\"og:site_name\" content=\"Postojna Connect\" \/>\n<meta property=\"article:modified_time\" content=\"2023-09-05T06:36:21+00:00\" \/>\n<meta name=\"twitter:card\" content=\"summary_large_image\" \/>\n<script type=\"application\/ld+json\" class=\"yoast-schema-graph\">{\"@context\":\"https:\/\/schema.org\",\"@graph\":[{\"@type\":\"WebPage\",\"@id\":\"https:\/\/app.postojnsko.si\/en\/information-center\/\",\"url\":\"https:\/\/app.postojnsko.si\/en\/information-center\/\",\"name\":\"Information center - Postojna Connect\",\"isPartOf\":{\"@id\":\"https:\/\/app.postojnsko.si\/en\/#website\"},\"datePublished\":\"2023-05-16T13:02:02+00:00\",\"dateModified\":\"2023-09-05T06:36:21+00:00\",\"breadcrumb\":{\"@id\":\"https:\/\/app.postojnsko.si\/en\/information-center\/#breadcrumb\"},\"inLanguage\":\"en-US\",\"potentialAction\":[{\"@type\":\"ReadAction\",\"target\":[\"https:\/\/app.postojnsko.si\/en\/information-center\/\"]}]},{\"@type\":\"BreadcrumbList\",\"@id\":\"https:\/\/app.postojnsko.si\/en\/information-center\/#breadcrumb\",\"itemListElement\":[{\"@type\":\"ListItem\",\"position\":1,\"name\":\"Home\",\"item\":\"https:\/\/app.postojnsko.si\/en\/\"},{\"@type\":\"ListItem\",\"position\":2,\"name\":\"Information center\"}]},{\"@type\":\"WebSite\",\"@id\":\"https:\/\/app.postojnsko.si\/en\/#website\",\"url\":\"https:\/\/app.postojnsko.si\/en\/\",\"name\":\"Postojna Connect\",\"description\":\"Postojna Connect je spletna aplikacija s katero \u017eelimo obiskovalcem na\u0161e destinacije predstaviti mo\u017enost trajnostne mobilnosti.\",\"publisher\":{\"@id\":\"https:\/\/app.postojnsko.si\/en\/#organization\"},\"potentialAction\":[{\"@type\":\"SearchAction\",\"target\":{\"@type\":\"EntryPoint\",\"urlTemplate\":\"https:\/\/app.postojnsko.si\/en\/?s={search_term_string}\"},\"query-input\":{\"@type\":\"PropertyValueSpecification\",\"valueRequired\":true,\"valueName\":\"search_term_string\"}}],\"inLanguage\":\"en-US\"},{\"@type\":\"Organization\",\"@id\":\"https:\/\/app.postojnsko.si\/en\/#organization\",\"name\":\"Visit Postojna\",\"url\":\"https:\/\/app.postojnsko.si\/en\/\",\"logo\":{\"@type\":\"ImageObject\",\"inLanguage\":\"en-US\",\"@id\":\"https:\/\/app.postojnsko.si\/en\/#\/schema\/logo\/image\/\",\"url\":\"https:\/\/app.postojnsko.si\/wp-content\/uploads\/2023\/09\/favicon.png\",\"contentUrl\":\"https:\/\/app.postojnsko.si\/wp-content\/uploads\/2023\/09\/favicon.png\",\"width\":512,\"height\":512,\"caption\":\"Visit Postojna\"},\"image\":{\"@id\":\"https:\/\/app.postojnsko.si\/en\/#\/schema\/logo\/image\/\"}}]}<\/script>\n<!-- \/ Yoast SEO plugin. -->","yoast_head_json":{"title":"Information center - Postojna Connect","robots":{"index":"index","follow":"follow","max-snippet":"max-snippet:-1","max-image-preview":"max-image-preview:large","max-video-preview":"max-video-preview:-1"},"canonical":"https:\/\/app.postojnsko.si\/en\/information-center\/","og_locale":"en_US","og_type":"article","og_title":"Information center - Postojna Connect","og_description":"In Postojna, the Tourist Information Center Galerija, located on Tr\u017ea\u0161ka cesta, can help you organize excursions. You can also contact the Center for Sustainable Mobility, where they offer support especially with regard to coordination, cycling, walking and the use of public passenger transport.","og_url":"https:\/\/app.postojnsko.si\/en\/information-center\/","og_site_name":"Postojna Connect","article_modified_time":"2023-09-05T06:36:21+00:00","twitter_card":"summary_large_image","schema":{"@context":"https:\/\/schema.org","@graph":[{"@type":"WebPage","@id":"https:\/\/app.postojnsko.si\/en\/information-center\/","url":"https:\/\/app.postojnsko.si\/en\/information-center\/","name":"Information center - Postojna Connect","isPartOf":{"@id":"https:\/\/app.postojnsko.si\/en\/#website"},"datePublished":"2023-05-16T13:02:02+00:00","dateModified":"2023-09-05T06:36:21+00:00","breadcrumb":{"@id":"https:\/\/app.postojnsko.si\/en\/information-center\/#breadcrumb"},"inLanguage":"en-US","potentialAction":[{"@type":"ReadAction","target":["https:\/\/app.postojnsko.si\/en\/information-center\/"]}]},{"@type":"BreadcrumbList","@id":"https:\/\/app.postojnsko.si\/en\/information-center\/#breadcrumb","itemListElement":[{"@type":"ListItem","position":1,"name":"Home","item":"https:\/\/app.postojnsko.si\/en\/"},{"@type":"ListItem","position":2,"name":"Information center"}]},{"@type":"WebSite","@id":"https:\/\/app.postojnsko.si\/en\/#website","url":"https:\/\/app.postojnsko.si\/en\/","name":"Postojna Connect","description":"Postojna Connect je spletna aplikacija s katero \u017eelimo obiskovalcem na\u0161e destinacije predstaviti mo\u017enost trajnostne mobilnosti.","publisher":{"@id":"https:\/\/app.postojnsko.si\/en\/#organization"},"potentialAction":[{"@type":"SearchAction","target":{"@type":"EntryPoint","urlTemplate":"https:\/\/app.postojnsko.si\/en\/?s={search_term_string}"},"query-input":{"@type":"PropertyValueSpecification","valueRequired":true,"valueName":"search_term_string"}}],"inLanguage":"en-US"},{"@type":"Organization","@id":"https:\/\/app.postojnsko.si\/en\/#organization","name":"Visit Postojna","url":"https:\/\/app.postojnsko.si\/en\/","logo":{"@type":"ImageObject","inLanguage":"en-US","@id":"https:\/\/app.postojnsko.si\/en\/#\/schema\/logo\/image\/","url":"https:\/\/app.postojnsko.si\/wp-content\/uploads\/2023\/09\/favicon.png","contentUrl":"https:\/\/app.postojnsko.si\/wp-content\/uploads\/2023\/09\/favicon.png","width":512,"height":512,"caption":"Visit Postojna"},"image":{"@id":"https:\/\/app.postojnsko.si\/en\/#\/schema\/logo\/image\/"}}]}},"_links":{"self":[{"href":"https:\/\/app.postojnsko.si\/en\/wp-json\/wp\/v2\/pages\/1175","targetHints":{"allow":["GET"]}}],"collection":[{"href":"https:\/\/app.postojnsko.si\/en\/wp-json\/wp\/v2\/pages"}],"about":[{"href":"https:\/\/app.postojnsko.si\/en\/wp-json\/wp\/v2\/types\/page"}],"author":[{"embeddable":true,"href":"https:\/\/app.postojnsko.si\/en\/wp-json\/wp\/v2\/users\/3"}],"replies":[{"embeddable":true,"href":"https:\/\/app.postojnsko.si\/en\/wp-json\/wp\/v2\/comments?post=1175"}],"version-history":[{"count":1,"href":"https:\/\/app.postojnsko.si\/en\/wp-json\/wp\/v2\/pages\/1175\/revisions"}],"predecessor-version":[{"id":1177,"href":"https:\/\/app.postojnsko.si\/en\/wp-json\/wp\/v2\/pages\/1175\/revisions\/1177"}],"wp:attachment":[{"href":"https:\/\/app.postojnsko.si\/en\/wp-json\/wp\/v2\/media?parent=1175"}],"curies":[{"name":"wp","href":"https:\/\/api.w.org\/{rel}","templated":true}]}}